{"id":325,"date":"2023-12-09T20:02:52","date_gmt":"2023-12-09T20:02:52","guid":{"rendered":"https:\/\/ambulancetanger.com\/demo\/?page_id=325"},"modified":"2024-01-03T22:03:57","modified_gmt":"2024-01-03T22:03:57","slug":"materiel-paramedical","status":"publish","type":"page","link":"https:\/\/ambulancetanger.com\/?page_id=325","title":{"rendered":"Mat\u00e9riel Param\u00e9dical"},"content":{"rendered":"\t\t<div data-elementor-type=\"wp-page\" data-elementor-id=\"325\" class=\"elementor elementor-325\">\n\t\t\t\t\t\t\t\t\t<section class=\"elementor-section elementor-top-section elementor-element elementor-element-5cb3427 elementor-section-full_width elementor-section-height-default elementor-section-height-default\" data-id=\"5cb3427\" data-element_type=\"section\" data-settings=\"{&quot;background_background&quot;:&quot;classic&quot;}\">\n\t\t\t\t\t\t<div class=\"elementor-container elementor-column-gap-default\">\n\t\t\t\t\t<div class=\"elementor-column elementor-col-100 elementor-top-column elementor-element elementor-element-8d5a06b\" data-id=\"8d5a06b\" data-element_type=\"column\">\n\t\t\t<div class=\"elementor-widget-wrap\">\n\t\t\t\t\t\t\t\t\t<\/div>\n\t\t<\/div>\n\t\t\t\t\t\t\t<\/div>\n\t\t<\/section>\n\t\t\t\t<section class=\"elementor-section elementor-top-section elementor-element elementor-element-07fe038 elementor-section-boxed elementor-section-height-default elementor-section-height-default\" data-id=\"07fe038\" data-element_type=\"section\">\n\t\t\t\t\t\t<div class=\"elementor-container elementor-column-gap-default\">\n\t\t\t\t\t<div class=\"elementor-column elementor-col-50 elementor-top-column elementor-element elementor-element-19330f2\" data-id=\"19330f2\" data-element_type=\"column\">\n\t\t\t<div class=\"elementor-widget-wrap elementor-element-populated\">\n\t\t\t\t\t\t\t\t<div class=\"elementor-element elementor-element-5873e94 elementor-icon-list--layout-traditional elementor-list-item-link-full_width elementor-widget elementor-widget-icon-list\" data-id=\"5873e94\" data-element_type=\"widget\" data-widget_type=\"icon-list.default\">\n\t\t\t\t<div class=\"elementor-widget-container\">\n\t\t\t\t\t<ul class=\"elementor-icon-list-items\">\n\t\t\t\t\t\t\t<li class=\"elementor-icon-list-item\">\n\t\t\t\t\t\t\t\t\t\t\t<span class=\"elementor-icon-list-icon\">\n\t\t\t\t\t\t\t<i aria-hidden=\"true\" class=\"auxicon auxicon-plus\"><\/i>\t\t\t\t\t\t<\/span>\n\t\t\t\t\t\t\t\t\t\t<span class=\"elementor-icon-list-text\">Lit m\u00e9dicalis\u00e9 \u00e9lectrique 3 positions  <\/span>\n\t\t\t\t\t\t\t\t\t<\/li>\n\t\t\t\t\t\t\t\t<li class=\"elementor-icon-list-item\">\n\t\t\t\t\t\t\t\t\t\t\t<span class=\"elementor-icon-list-icon\">\n\t\t\t\t\t\t\t<i aria-hidden=\"true\" class=\"auxicon auxicon-plus\"><\/i>\t\t\t\t\t\t<\/span>\n\t\t\t\t\t\t\t\t\t\t<span class=\"elementor-icon-list-text\">Matelas m\u00e9dical gaufrier anti-escarres <\/span>\n\t\t\t\t\t\t\t\t\t<\/li>\n\t\t\t\t\t\t\t\t<li class=\"elementor-icon-list-item\">\n\t\t\t\t\t\t\t\t\t\t\t<span class=\"elementor-icon-list-icon\">\n\t\t\t\t\t\t\t<i aria-hidden=\"true\" class=\"auxicon auxicon-plus\"><\/i>\t\t\t\t\t\t<\/span>\n\t\t\t\t\t\t\t\t\t\t<span class=\"elementor-icon-list-text\">Matelas \u00e0 air anti-escarres Alternating<\/span>\n\t\t\t\t\t\t\t\t\t<\/li>\n\t\t\t\t\t\t\t\t<li class=\"elementor-icon-list-item\">\n\t\t\t\t\t\t\t\t\t\t\t<span class=\"elementor-icon-list-icon\">\n\t\t\t\t\t\t\t<i aria-hidden=\"true\" class=\"auxicon auxicon-plus\"><\/i>\t\t\t\t\t\t<\/span>\n\t\t\t\t\t\t\t\t\t\t<span class=\"elementor-icon-list-text\">Table de lit<\/span>\n\t\t\t\t\t\t\t\t\t<\/li>\n\t\t\t\t\t\t\t\t<li class=\"elementor-icon-list-item\">\n\t\t\t\t\t\t\t\t\t\t\t<span class=\"elementor-icon-list-icon\">\n\t\t\t\t\t\t\t<i aria-hidden=\"true\" class=\"auxicon auxicon-plus\"><\/i>\t\t\t\t\t\t<\/span>\n\t\t\t\t\t\t\t\t\t\t<span class=\"elementor-icon-list-text\">CPAP<\/span>\n\t\t\t\t\t\t\t\t\t<\/li>\n\t\t\t\t\t\t\t\t<li class=\"elementor-icon-list-item\">\n\t\t\t\t\t\t\t\t\t\t\t<span class=\"elementor-icon-list-icon\">\n\t\t\t\t\t\t\t<i aria-hidden=\"true\" class=\"auxicon auxicon-plus\"><\/i>\t\t\t\t\t\t<\/span>\n\t\t\t\t\t\t\t\t\t\t<span class=\"elementor-icon-list-text\">Concentrateur d'oxyg\u00e8ne 5l & 10l <\/span>\n\t\t\t\t\t\t\t\t\t<\/li>\n\t\t\t\t\t\t\t\t<li class=\"elementor-icon-list-item\">\n\t\t\t\t\t\t\t\t\t\t\t<span class=\"elementor-icon-list-icon\">\n\t\t\t\t\t\t\t<i aria-hidden=\"true\" class=\"auxicon auxicon-plus\"><\/i>\t\t\t\t\t\t<\/span>\n\t\t\t\t\t\t\t\t\t\t<span class=\"elementor-icon-list-text\">Bouteilles d'oxyg\u00e8ne 1l, 2l, 3l, 4l....10l <\/span>\n\t\t\t\t\t\t\t\t\t<\/li>\n\t\t\t\t\t\t\t\t<li class=\"elementor-icon-list-item\">\n\t\t\t\t\t\t\t\t\t\t\t<span class=\"elementor-icon-list-icon\">\n\t\t\t\t\t\t\t<i aria-hidden=\"true\" class=\"auxicon auxicon-plus\"><\/i>\t\t\t\t\t\t<\/span>\n\t\t\t\t\t\t\t\t\t\t<span class=\"elementor-icon-list-text\">Aspirateur bronchique de mucosit\u00e9 <\/span>\n\t\t\t\t\t\t\t\t\t<\/li>\n\t\t\t\t\t\t\t\t<li class=\"elementor-icon-list-item\">\n\t\t\t\t\t\t\t\t\t\t\t<span class=\"elementor-icon-list-icon\">\n\t\t\t\t\t\t\t<i aria-hidden=\"true\" class=\"auxicon auxicon-plus\"><\/i>\t\t\t\t\t\t<\/span>\n\t\t\t\t\t\t\t\t\t\t<span class=\"elementor-icon-list-text\">Rallonge d'oxyg\u00e8ne<\/span>\n\t\t\t\t\t\t\t\t\t<\/li>\n\t\t\t\t\t\t\t\t<li class=\"elementor-icon-list-item\">\n\t\t\t\t\t\t\t\t\t\t\t<span class=\"elementor-icon-list-icon\">\n\t\t\t\t\t\t\t<i aria-hidden=\"true\" class=\"auxicon auxicon-plus\"><\/i>\t\t\t\t\t\t<\/span>\n\t\t\t\t\t\t\t\t\t\t<span class=\"elementor-icon-list-text\">Lunette nasale \u00e0 oxyg\u00e8ne <\/span>\n\t\t\t\t\t\t\t\t\t<\/li>\n\t\t\t\t\t\t\t\t<li class=\"elementor-icon-list-item\">\n\t\t\t\t\t\t\t\t\t\t\t<span class=\"elementor-icon-list-icon\">\n\t\t\t\t\t\t\t<i aria-hidden=\"true\" class=\"auxicon auxicon-plus\"><\/i>\t\t\t\t\t\t<\/span>\n\t\t\t\t\t\t\t\t\t\t<span class=\"elementor-icon-list-text\">Masque \u00e0 oxyg\u00e8ne moyenne & haut Concentration  <\/span>\n\t\t\t\t\t\t\t\t\t<\/li>\n\t\t\t\t\t\t\t\t<li class=\"elementor-icon-list-item\">\n\t\t\t\t\t\t\t\t\t\t\t<span class=\"elementor-icon-list-icon\">\n\t\t\t\t\t\t\t<i aria-hidden=\"true\" class=\"auxicon auxicon-plus\"><\/i>\t\t\t\t\t\t<\/span>\n\t\t\t\t\t\t\t\t\t\t<span class=\"elementor-icon-list-text\">Cadre de marche <\/span>\n\t\t\t\t\t\t\t\t\t<\/li>\n\t\t\t\t\t\t\t\t<li class=\"elementor-icon-list-item\">\n\t\t\t\t\t\t\t\t\t\t\t<span class=\"elementor-icon-list-icon\">\n\t\t\t\t\t\t\t<i aria-hidden=\"true\" class=\"auxicon auxicon-plus\"><\/i>\t\t\t\t\t\t<\/span>\n\t\t\t\t\t\t\t\t\t\t<span class=\"elementor-icon-list-text\">Chaise toilette garde-robes blanc <\/span>\n\t\t\t\t\t\t\t\t\t<\/li>\n\t\t\t\t\t\t\t\t<li class=\"elementor-icon-list-item\">\n\t\t\t\t\t\t\t\t\t\t\t<span class=\"elementor-icon-list-icon\">\n\t\t\t\t\t\t\t<i aria-hidden=\"true\" class=\"auxicon auxicon-plus\"><\/i>\t\t\t\t\t\t<\/span>\n\t\t\t\t\t\t\t\t\t\t<span class=\"elementor-icon-list-text\">Chaise roulante pliable adulte   <\/span>\n\t\t\t\t\t\t\t\t\t<\/li>\n\t\t\t\t\t\t\t\t<li class=\"elementor-icon-list-item\">\n\t\t\t\t\t\t\t\t\t\t\t<span class=\"elementor-icon-list-icon\">\n\t\t\t\t\t\t\t<i aria-hidden=\"true\" class=\"auxicon auxicon-plus\"><\/i>\t\t\t\t\t\t<\/span>\n\t\t\t\t\t\t\t\t\t\t<span class=\"elementor-icon-list-text\">Porte s\u00e9rum<\/span>\n\t\t\t\t\t\t\t\t\t<\/li>\n\t\t\t\t\t\t\t\t<li class=\"elementor-icon-list-item\">\n\t\t\t\t\t\t\t\t\t\t\t<span class=\"elementor-icon-list-icon\">\n\t\t\t\t\t\t\t<i aria-hidden=\"true\" class=\"auxicon auxicon-plus\"><\/i>\t\t\t\t\t\t<\/span>\n\t\t\t\t\t\t\t\t\t\t<span class=\"elementor-icon-list-text\">Barboteur d'oxyg\u00e8ne <\/span>\n\t\t\t\t\t\t\t\t\t<\/li>\n\t\t\t\t\t\t\t\t<li class=\"elementor-icon-list-item\">\n\t\t\t\t\t\t\t\t\t\t\t<span class=\"elementor-icon-list-icon\">\n\t\t\t\t\t\t\t<i aria-hidden=\"true\" class=\"auxicon auxicon-plus\"><\/i>\t\t\t\t\t\t<\/span>\n\t\t\t\t\t\t\t\t\t\t<span class=\"elementor-icon-list-text\">Et autre mat\u00e9riel...<\/span>\n\t\t\t\t\t\t\t\t\t<\/li>\n\t\t\t\t\t\t<\/ul>\n\t\t\t\t<\/div>\n\t\t\t\t<\/div>\n\t\t\t\t\t<\/div>\n\t\t<\/div>\n\t\t\t\t<div class=\"elementor-column elementor-col-50 elementor-top-column elementor-element elementor-element-fc750e7\" data-id=\"fc750e7\" data-element_type=\"column\">\n\t\t\t<div class=\"elementor-widget-wrap elementor-element-populated\">\n\t\t\t\t\t\t\t\t<div class=\"elementor-element elementor-element-0a4cdab elementor-widget elementor-widget-image\" data-id=\"0a4cdab\" data-element_type=\"widget\" data-widget_type=\"image.default\">\n\t\t\t\t<div class=\"elementor-widget-container\">\n\t\t\t\t\t\t\t\t\t\t\t\t\t\t\t<img fetchpriority=\"high\" decoding=\"async\" width=\"1024\" height=\"600\" src=\"https:\/\/ambulancetanger.com\/wp-content\/uploads\/2024\/01\/photo_2024-01-03_19-00-17-1024x600.jpg\" class=\"attachment-large size-large wp-image-860\" alt=\"\" \/>\t\t\t\t\t\t\t\t\t\t\t\t\t\t\t<\/div>\n\t\t\t\t<\/div>\n\t\t\t\t\t<\/div>\n\t\t<\/div>\n\t\t\t\t\t\t\t<\/div>\n\t\t<\/section>\n\t\t\t\t\t\t\t<\/div>\n\t\t","protected":false},"excerpt":{"rendered":"<p>Mat\u00e9riel Param\u00e9dical Vente &amp; Location Groupe Assistance Tanger Med vous propose une large gamme de mat\u00e9riel param\u00e9dical pour la mobilit\u00e9, l\u2019hygi\u00e8ne et le confort des patients dans le cadre du maintien \u00e0 domicile. disponible rapidement \u00e0 Tanger \u00e0 un prix raisonnable, avec un accompagnement personnalis\u00e9 et constant afin de r\u00e9pondre aux imp\u00e9ratifs de qualit\u00e9, de [&hellip;]<\/p>\n","protected":false},"author":1,"featured_media":0,"parent":0,"menu_order":0,"comment_status":"closed","ping_status":"closed","template":"elementor_header_footer","meta":{"footnotes":""},"class_list":["post-325","page","type-page","status-publish","hentry"],"yoast_head":"<!-- This site is optimized with the Yoast SEO plugin v21.7 - https:\/\/yoast.com\/wordpress\/plugins\/seo\/ -->\n<title>Mat\u00e9riel Param\u00e9dical &#8211; Ambulance Tanger - \u0627\u0633\u0639\u0627\u0641 \u0637\u0646\u062c\u0629<\/title>\n<meta name=\"description\" content=\"Groupe Assistance Tanger Med vous propose une large gamme de mat\u00e9riel param\u00e9dical pour la mobilit\u00e9, l\u2019hygi\u00e8ne et le confort des patients\" \/>\n<meta name=\"robots\" content=\"index, follow, max-snippet:-1, max-image-preview:large, max-video-preview:-1\" \/>\n<link rel=\"canonical\" href=\"https:\/\/ambulancetanger.com\/?page_id=325\" \/>\n<meta property=\"og:locale\" content=\"fr_FR\" \/>\n<meta property=\"og:type\" content=\"article\" \/>\n<meta property=\"og:title\" content=\"Mat\u00e9riel Param\u00e9dical &#8211; Ambulance Tanger - \u0627\u0633\u0639\u0627\u0641 \u0637\u0646\u062c\u0629\" \/>\n<meta property=\"og:description\" content=\"Groupe Assistance Tanger Med vous propose une large gamme de mat\u00e9riel param\u00e9dical pour la mobilit\u00e9, l\u2019hygi\u00e8ne et le confort des patients\" \/>\n<meta property=\"og:url\" content=\"https:\/\/ambulancetanger.com\/?page_id=325\" \/>\n<meta property=\"og:site_name\" content=\"Ambulance Tanger - \u0627\u0633\u0639\u0627\u0641 \u0637\u0646\u062c\u0629\" \/>\n<meta property=\"article:publisher\" content=\"https:\/\/www.facebook.com\/tangermed.ambulance?mibextid=ZbWKwL\" \/>\n<meta property=\"article:modified_time\" content=\"2024-01-03T22:03:57+00:00\" \/>\n<meta property=\"og:image\" content=\"https:\/\/ambulancetanger.com\/demo\/wp-content\/uploads\/2024\/01\/photo_2024-01-03_19-00-17-1024x600.jpg\" \/>\n<meta name=\"twitter:card\" content=\"summary_large_image\" \/>\n<meta name=\"twitter:label1\" content=\"Dur\u00e9e de lecture estim\u00e9e\" \/>\n\t<meta name=\"twitter:data1\" content=\"1 minute\" \/>\n<script type=\"application\/ld+json\" class=\"yoast-schema-graph\">{\"@context\":\"https:\/\/schema.org\",\"@graph\":[{\"@type\":\"WebPage\",\"@id\":\"https:\/\/ambulancetanger.com\/?page_id=325\",\"url\":\"https:\/\/ambulancetanger.com\/?page_id=325\",\"name\":\"Mat\u00e9riel Param\u00e9dical &#8211; Ambulance Tanger - \u0627\u0633\u0639\u0627\u0641 \u0637\u0646\u062c\u0629\",\"isPartOf\":{\"@id\":\"https:\/\/ambulancetanger.com\/#website\"},\"datePublished\":\"2023-12-09T20:02:52+00:00\",\"dateModified\":\"2024-01-03T22:03:57+00:00\",\"description\":\"Groupe Assistance Tanger Med vous propose une large gamme de mat\u00e9riel param\u00e9dical pour la mobilit\u00e9, l\u2019hygi\u00e8ne et le confort des patients\",\"breadcrumb\":{\"@id\":\"https:\/\/ambulancetanger.com\/?page_id=325#breadcrumb\"},\"inLanguage\":\"fr-FR\",\"potentialAction\":[{\"@type\":\"ReadAction\",\"target\":[\"https:\/\/ambulancetanger.com\/?page_id=325\"]}]},{\"@type\":\"BreadcrumbList\",\"@id\":\"https:\/\/ambulancetanger.com\/?page_id=325#breadcrumb\",\"itemListElement\":[{\"@type\":\"ListItem\",\"position\":1,\"name\":\"Accueil\",\"item\":\"https:\/\/ambulancetanger.com\/\"},{\"@type\":\"ListItem\",\"position\":2,\"name\":\"Mat\u00e9riel Param\u00e9dical\"}]},{\"@type\":\"WebSite\",\"@id\":\"https:\/\/ambulancetanger.com\/#website\",\"url\":\"https:\/\/ambulancetanger.com\/\",\"name\":\"Groupe Assistance Tanger Med\",\"description\":\"Ambulance Tanger\",\"publisher\":{\"@id\":\"https:\/\/ambulancetanger.com\/#organization\"},\"alternateName\":\"Ambulance Tanger\",\"potentialAction\":[{\"@type\":\"SearchAction\",\"target\":{\"@type\":\"EntryPoint\",\"urlTemplate\":\"https:\/\/ambulancetanger.com\/?s={search_term_string}\"},\"query-input\":\"required name=search_term_string\"}],\"inLanguage\":\"fr-FR\"},{\"@type\":\"Organization\",\"@id\":\"https:\/\/ambulancetanger.com\/#organization\",\"name\":\"Ambulance Tanger\",\"url\":\"https:\/\/ambulancetanger.com\/\",\"logo\":{\"@type\":\"ImageObject\",\"inLanguage\":\"fr-FR\",\"@id\":\"https:\/\/ambulancetanger.com\/#\/schema\/logo\/image\/\",\"url\":\"https:\/\/ambulancetanger.com\/wp-content\/uploads\/2023\/12\/cropped-cropped-logo_gp.png\",\"contentUrl\":\"https:\/\/ambulancetanger.com\/wp-content\/uploads\/2023\/12\/cropped-cropped-logo_gp.png\",\"width\":481,\"height\":144,\"caption\":\"Ambulance Tanger\"},\"image\":{\"@id\":\"https:\/\/ambulancetanger.com\/#\/schema\/logo\/image\/\"},\"sameAs\":[\"https:\/\/www.facebook.com\/tangermed.ambulance?mibextid=ZbWKwL\",\"https:\/\/www.instagram.com\/materielmedicale\"]}]}<\/script>\n<!-- \/ Yoast SEO plugin. -->","yoast_head_json":{"title":"Mat\u00e9riel Param\u00e9dical &#8211; Ambulance Tanger - \u0627\u0633\u0639\u0627\u0641 \u0637\u0646\u062c\u0629","description":"Groupe Assistance Tanger Med vous propose une large gamme de mat\u00e9riel param\u00e9dical pour la mobilit\u00e9, l\u2019hygi\u00e8ne et le confort des patients","robots":{"index":"index","follow":"follow","max-snippet":"max-snippet:-1","max-image-preview":"max-image-preview:large","max-video-preview":"max-video-preview:-1"},"canonical":"https:\/\/ambulancetanger.com\/?page_id=325","og_locale":"fr_FR","og_type":"article","og_title":"Mat\u00e9riel Param\u00e9dical &#8211; Ambulance Tanger - \u0627\u0633\u0639\u0627\u0641 \u0637\u0646\u062c\u0629","og_description":"Groupe Assistance Tanger Med vous propose une large gamme de mat\u00e9riel param\u00e9dical pour la mobilit\u00e9, l\u2019hygi\u00e8ne et le confort des patients","og_url":"https:\/\/ambulancetanger.com\/?page_id=325","og_site_name":"Ambulance Tanger - \u0627\u0633\u0639\u0627\u0641 \u0637\u0646\u062c\u0629","article_publisher":"https:\/\/www.facebook.com\/tangermed.ambulance?mibextid=ZbWKwL","article_modified_time":"2024-01-03T22:03:57+00:00","og_image":[{"url":"https:\/\/ambulancetanger.com\/demo\/wp-content\/uploads\/2024\/01\/photo_2024-01-03_19-00-17-1024x600.jpg"}],"twitter_card":"summary_large_image","twitter_misc":{"Dur\u00e9e de lecture estim\u00e9e":"1 minute"},"schema":{"@context":"https:\/\/schema.org","@graph":[{"@type":"WebPage","@id":"https:\/\/ambulancetanger.com\/?page_id=325","url":"https:\/\/ambulancetanger.com\/?page_id=325","name":"Mat\u00e9riel Param\u00e9dical &#8211; Ambulance Tanger - \u0627\u0633\u0639\u0627\u0641 \u0637\u0646\u062c\u0629","isPartOf":{"@id":"https:\/\/ambulancetanger.com\/#website"},"datePublished":"2023-12-09T20:02:52+00:00","dateModified":"2024-01-03T22:03:57+00:00","description":"Groupe Assistance Tanger Med vous propose une large gamme de mat\u00e9riel param\u00e9dical pour la mobilit\u00e9, l\u2019hygi\u00e8ne et le confort des patients","breadcrumb":{"@id":"https:\/\/ambulancetanger.com\/?page_id=325#breadcrumb"},"inLanguage":"fr-FR","potentialAction":[{"@type":"ReadAction","target":["https:\/\/ambulancetanger.com\/?page_id=325"]}]},{"@type":"BreadcrumbList","@id":"https:\/\/ambulancetanger.com\/?page_id=325#breadcrumb","itemListElement":[{"@type":"ListItem","position":1,"name":"Accueil","item":"https:\/\/ambulancetanger.com\/"},{"@type":"ListItem","position":2,"name":"Mat\u00e9riel Param\u00e9dical"}]},{"@type":"WebSite","@id":"https:\/\/ambulancetanger.com\/#website","url":"https:\/\/ambulancetanger.com\/","name":"Groupe Assistance Tanger Med","description":"Ambulance Tanger","publisher":{"@id":"https:\/\/ambulancetanger.com\/#organization"},"alternateName":"Ambulance Tanger","potentialAction":[{"@type":"SearchAction","target":{"@type":"EntryPoint","urlTemplate":"https:\/\/ambulancetanger.com\/?s={search_term_string}"},"query-input":"required name=search_term_string"}],"inLanguage":"fr-FR"},{"@type":"Organization","@id":"https:\/\/ambulancetanger.com\/#organization","name":"Ambulance Tanger","url":"https:\/\/ambulancetanger.com\/","logo":{"@type":"ImageObject","inLanguage":"fr-FR","@id":"https:\/\/ambulancetanger.com\/#\/schema\/logo\/image\/","url":"https:\/\/ambulancetanger.com\/wp-content\/uploads\/2023\/12\/cropped-cropped-logo_gp.png","contentUrl":"https:\/\/ambulancetanger.com\/wp-content\/uploads\/2023\/12\/cropped-cropped-logo_gp.png","width":481,"height":144,"caption":"Ambulance Tanger"},"image":{"@id":"https:\/\/ambulancetanger.com\/#\/schema\/logo\/image\/"},"sameAs":["https:\/\/www.facebook.com\/tangermed.ambulance?mibextid=ZbWKwL","https:\/\/www.instagram.com\/materielmedicale"]}]}},"_links":{"self":[{"href":"https:\/\/ambulancetanger.com\/index.php?rest_route=\/wp\/v2\/pages\/325","targetHints":{"allow":["GET"]}}],"collection":[{"href":"https:\/\/ambulancetanger.com\/index.php?rest_route=\/wp\/v2\/pages"}],"about":[{"href":"https:\/\/ambulancetanger.com\/index.php?rest_route=\/wp\/v2\/types\/page"}],"author":[{"embeddable":true,"href":"https:\/\/ambulancetanger.com\/index.php?rest_route=\/wp\/v2\/users\/1"}],"replies":[{"embeddable":true,"href":"https:\/\/ambulancetanger.com\/index.php?rest_route=%2Fwp%2Fv2%2Fcomments&post=325"}],"version-history":[{"count":58,"href":"https:\/\/ambulancetanger.com\/index.php?rest_route=\/wp\/v2\/pages\/325\/revisions"}],"predecessor-version":[{"id":863,"href":"https:\/\/ambulancetanger.com\/index.php?rest_route=\/wp\/v2\/pages\/325\/revisions\/863"}],"wp:attachment":[{"href":"https:\/\/ambulancetanger.com\/index.php?rest_route=%2Fwp%2Fv2%2Fmedia&parent=325"}],"curies":[{"name":"wp","href":"https:\/\/api.w.org\/{rel}","templated":true}]}}